{"id":104,"date":"2024-01-14T17:37:08","date_gmt":"2024-01-14T16:37:08","guid":{"rendered":"https:\/\/droeseler-wp.local:7443\/?page_id=104"},"modified":"2024-02-10T17:30:11","modified_gmt":"2024-02-10T16:30:11","slug":"contact","status":"publish","type":"page","link":"https:\/\/www.drdroeseler.de\/en\/kontakt\/","title":{"rendered":"Contact"},"content":{"rendered":"\t\t<div data-elementor-type=\"wp-page\" data-elementor-id=\"104\" class=\"elementor elementor-104\" data-elementor-post-type=\"page\">\n\t\t\t\t<div data-particle_enable=\"false\" data-particle-mobile-disabled=\"false\" class=\"elementor-element elementor-element-7a13b27 e-flex e-con-boxed e-con e-parent\" data-id=\"7a13b27\" data-element_type=\"container\" data-e-type=\"container\">\n\t\t\t\t\t<div class=\"e-con-inner\">\n\t\t\t\t<div class=\"elementor-element elementor-element-307113a elementor-widget elementor-widget-heading\" data-id=\"307113a\" data-element_type=\"widget\" data-e-type=\"widget\" data-widget_type=\"heading.default\">\n\t\t\t\t<div class=\"elementor-widget-container\">\n\t\t\t\t\t<h1 class=\"elementor-heading-title elementor-size-default\">Kontakt - Digital, aber pers\u00f6nlich<\/h1>\t\t\t\t<\/div>\n\t\t\t\t<\/div>\n\t\t\t\t<div class=\"elementor-element elementor-element-b0a9b11 elementor-widget elementor-widget-shortcode\" data-id=\"b0a9b11\" data-element_type=\"widget\" data-e-type=\"widget\" data-widget_type=\"shortcode.default\">\n\t\t\t\t<div class=\"elementor-widget-container\">\n\t\t\t\t\t\t\t<div class=\"elementor-shortcode\"><div class=\"leaflet-map WPLeafletMap\" style=\"height:400px; width:100%;\"><\/div><script>\nwindow.WPLeafletMapPlugin = window.WPLeafletMapPlugin || [];\nwindow.WPLeafletMapPlugin.push(function WPLeafletMapShortcode() {\/*<script>*\/\nvar baseUrl = atob('aHR0cHM6Ly9tYXBzLm1hcmt2ZXlzLmNvbS9zdHlsZXMvYmFzaWMve3p9L3t4fS97eX1AMngucG5n');\nvar base = (!baseUrl && window.MQ) ?\n    window.MQ.mapLayer() : L.tileLayer(baseUrl,\n        L.Util.extend({}, {\n            detectRetina: 0,\n        },\n        {\"subdomains\":\"abc\",\"zoomOffset\":0,\"noWrap\":false,\"maxZoom\":20}        )\n    );\n    var options = L.Util.extend({}, {\n        layers: [base],\n        attributionControl: false\n    },\n    {\"zoomControl\":true,\"scrollWheelZoom\":false,\"doubleClickZoom\":true,\"fitBounds\":false,\"minZoom\":14,\"maxZoom\":20,\"maxBounds\":null,\"attribution\":\"\"},\n    {});\nwindow.WPLeafletMapPlugin.createMap(options).setView([52.545196,13.594104],16);});<\/script>\n<script>\nwindow.WPLeafletMapPlugin = window.WPLeafletMapPlugin || [];\nwindow.WPLeafletMapPlugin.push(function WPLeafletMarkerShortcode() {\/*<script>*\/\nvar map = window.WPLeafletMapPlugin.getCurrentMap();\nvar group = window.WPLeafletMapPlugin.getCurrentGroup();\nvar marker_options = window.WPLeafletMapPlugin.getIconOptions({\"svg\":true,\"background\":\"#11acb0\"});\nvar marker = new L.SVGMarker(\n    [0,0],\n    marker_options\n);\nvar is_image = map.is_image_map;\n    marker.setLatLng( map.getCenter() );\nif (marker_options.draggable) {\n    marker.on('dragend', function () {\n        var latlng = this.getLatLng();\n        var lat = latlng.lat;\n        var lng = latlng.lng;\n        if (is_image) {\n            console.log('leaflet-marker y=' + lat + ' x=' + lng);\n        } else {\n            console.log('leaflet-marker lat=' + lat + ' lng=' + lng);\n        }\n    });\n}\nmarker.addTo( group );\nwindow.WPLeafletMapPlugin.markers.push( marker );\n        });<\/script>\n<\/div>\n\t\t\t\t\t\t<\/div>\n\t\t\t\t<\/div>\n\t\t\t\t<div class=\"elementor-element elementor-element-a33c5e0 elementor-widget elementor-widget-text-editor\" data-id=\"a33c5e0\" data-element_type=\"widget\" data-e-type=\"widget\" data-widget_type=\"text-editor.default\">\n\t\t\t\t<div class=\"elementor-widget-container\">\n\t\t\t\t\t\t\t\t\t<h2>Praxisanschrift<\/h2>\n<p>Praxis Dr. Dr\u00f6seler<br>\nKlausdorfer Str. 2<br>\n12629 Berlin<\/p>\n<p>T. +49-30-99284228<\/p>\n<p>welcome@dr-droeseler.de<\/p>\t\t\t\t\t\t\t\t<\/div>\n\t\t\t\t<\/div>\n\t\t\t\t\t<\/div>\n\t\t\t\t<\/div>\n\t\t\t\t<\/div>\n\t\t","protected":false},"excerpt":{"rendered":"<p>Kontakt &#8211; Digital, aber pers\u00f6nlich Praxisanschrift Praxis Dr. Dr\u00f6seler Klausdorfer Str. 2 12629 Berlin T. +49-30-99284228 welcome@dr-droeseler.de<\/p>","protected":false},"author":2,"featured_media":0,"parent":0,"menu_order":0,"comment_status":"closed","ping_status":"closed","template":"","meta":{"site-sidebar-layout":"default","site-content-layout":"","ast-site-content-layout":"default","site-content-style":"default","site-sidebar-style":"default","ast-global-header-display":"","ast-banner-title-visibility":"","ast-main-header-display":"","ast-hfb-above-header-display":"","ast-hfb-below-header-display":"","ast-hfb-mobile-header-display":"","site-post-title":"","ast-breadcrumbs-content":"","ast-featured-img":"","footer-sml-layout":"","ast-disable-related-posts":"","theme-transparent-header-meta":"","adv-header-id-meta":"","stick-header-meta":"","header-above-stick-meta":"","header-main-stick-meta":"","header-below-stick-meta":"","astra-migrate-meta-layouts":"default","ast-page-background-enabled":"default","ast-page-background-meta":{"desktop":{"background-color":"var(--ast-global-color-4)","background-image":"","background-repeat":"repeat","background-position":"center center","background-size":"auto","background-attachment":"scroll","background-type":"","background-media":"","overlay-type":"","overlay-color":"","overlay-opacity":"","overlay-gradient":""},"tablet":{"background-color":"","background-image":"","background-repeat":"repeat","background-position":"center center","background-size":"auto","background-attachment":"scroll","background-type":"","background-media":"","overlay-type":"","overlay-color":"","overlay-opacity":"","overlay-gradient":""},"mobile":{"background-color":"","background-image":"","background-repeat":"repeat","background-position":"center center","background-size":"auto","background-attachment":"scroll","background-type":"","background-media":"","overlay-type":"","overlay-color":"","overlay-opacity":"","overlay-gradient":""}},"ast-content-background-meta":{"desktop":{"background-color":"var(--ast-global-color-5)","background-image":"","background-repeat":"repeat","background-position":"center center","background-size":"auto","background-attachment":"scroll","background-type":"","background-media":"","overlay-type":"","overlay-color":"","overlay-opacity":"","overlay-gradient":""},"tablet":{"background-color":"var(--ast-global-color-5)","background-image":"","background-repeat":"repeat","background-position":"center center","background-size":"auto","background-attachment":"scroll","background-type":"","background-media":"","overlay-type":"","overlay-color":"","overlay-opacity":"","overlay-gradient":""},"mobile":{"background-color":"var(--ast-global-color-5)","background-image":"","background-repeat":"repeat","background-position":"center center","background-size":"auto","background-attachment":"scroll","background-type":"","background-media":"","overlay-type":"","overlay-color":"","overlay-opacity":"","overlay-gradient":""}},"footnotes":""},"class_list":["post-104","page","type-page","status-publish","hentry"],"yoast_head":"<!-- This site is optimized with the Yoast SEO plugin v27.3 - https:\/\/yoast.com\/product\/yoast-seo-wordpress\/ -->\n<title>Kontakt - Praxis Dr. Dr\u00f6seler<\/title>\n<meta name=\"robots\" content=\"index, follow, max-snippet:-1, max-image-preview:large, max-video-preview:-1\" \/>\n<link rel=\"canonical\" href=\"https:\/\/www.drdroeseler.de\/en\/contact\/\" \/>\n<meta property=\"og:locale\" content=\"en_GB\" \/>\n<meta property=\"og:type\" content=\"article\" \/>\n<meta property=\"og:title\" content=\"Kontakt - Praxis Dr. Dr\u00f6seler\" \/>\n<meta property=\"og:description\" content=\"Kontakt &#8211; Digital, aber pers\u00f6nlich Praxisanschrift Praxis Dr. Dr\u00f6seler Klausdorfer Str. 2 12629 Berlin T. +49-30-99284228 welcome@dr-droeseler.de\" \/>\n<meta property=\"og:url\" content=\"https:\/\/www.drdroeseler.de\/en\/contact\/\" \/>\n<meta property=\"og:site_name\" content=\"Praxis Dr. Dr\u00f6seler\" \/>\n<meta property=\"article:publisher\" content=\"https:\/\/www.facebook.com\/praxisdrdroeseler\" \/>\n<meta property=\"article:modified_time\" content=\"2024-02-10T16:30:11+00:00\" \/>\n<meta name=\"twitter:card\" content=\"summary_large_image\" \/>\n<meta name=\"twitter:label1\" content=\"Estimated reading time\" \/>\n\t<meta name=\"twitter:data1\" content=\"1 minute\" \/>\n<script type=\"application\/ld+json\" class=\"yoast-schema-graph\">{\"@context\":\"https:\\\/\\\/schema.org\",\"@graph\":[{\"@type\":\"WebPage\",\"@id\":\"https:\\\/\\\/www.drdroeseler.de\\\/en\\\/contact\\\/\",\"url\":\"https:\\\/\\\/www.drdroeseler.de\\\/en\\\/contact\\\/\",\"name\":\"Kontakt - Praxis Dr. Dr\u00f6seler\",\"isPartOf\":{\"@id\":\"https:\\\/\\\/www.drdroeseler.de\\\/#website\"},\"datePublished\":\"2024-01-14T16:37:08+00:00\",\"dateModified\":\"2024-02-10T16:30:11+00:00\",\"breadcrumb\":{\"@id\":\"https:\\\/\\\/www.drdroeseler.de\\\/en\\\/contact\\\/#breadcrumb\"},\"inLanguage\":\"en-GB\",\"potentialAction\":[{\"@type\":\"ReadAction\",\"target\":[\"https:\\\/\\\/www.drdroeseler.de\\\/en\\\/contact\\\/\"]}]},{\"@type\":\"BreadcrumbList\",\"@id\":\"https:\\\/\\\/www.drdroeseler.de\\\/en\\\/contact\\\/#breadcrumb\",\"itemListElement\":[{\"@type\":\"ListItem\",\"position\":1,\"name\":\"Startseite\",\"item\":\"https:\\\/\\\/www.drdroeseler.de\\\/\"},{\"@type\":\"ListItem\",\"position\":2,\"name\":\"Kontakt\"}]},{\"@type\":\"WebSite\",\"@id\":\"https:\\\/\\\/www.drdroeseler.de\\\/#website\",\"url\":\"https:\\\/\\\/www.drdroeseler.de\\\/\",\"name\":\"Praxis Dr. Dr\u00f6seler\",\"description\":\"Praxis f\u00fcr Oralchirurgie und Implantologie\",\"publisher\":{\"@id\":\"https:\\\/\\\/www.drdroeseler.de\\\/#organization\"},\"potentialAction\":[{\"@type\":\"SearchAction\",\"target\":{\"@type\":\"EntryPoint\",\"urlTemplate\":\"https:\\\/\\\/www.drdroeseler.de\\\/?s={search_term_string}\"},\"query-input\":{\"@type\":\"PropertyValueSpecification\",\"valueRequired\":true,\"valueName\":\"search_term_string\"}}],\"inLanguage\":\"en-GB\"},{\"@type\":\"Organization\",\"@id\":\"https:\\\/\\\/www.drdroeseler.de\\\/#organization\",\"name\":\"Praxis Dr. Dr\u00f6seler\",\"url\":\"https:\\\/\\\/www.drdroeseler.de\\\/\",\"logo\":{\"@type\":\"ImageObject\",\"inLanguage\":\"en-GB\",\"@id\":\"https:\\\/\\\/www.drdroeseler.de\\\/#\\\/schema\\\/logo\\\/image\\\/\",\"url\":\"https:\\\/\\\/www.drdroeseler.de\\\/wp-content\\\/uploads\\\/2024\\\/01\\\/dr-droeseler-logo.svg\",\"contentUrl\":\"https:\\\/\\\/www.drdroeseler.de\\\/wp-content\\\/uploads\\\/2024\\\/01\\\/dr-droeseler-logo.svg\",\"width\":508,\"height\":169,\"caption\":\"Praxis Dr. Dr\u00f6seler\"},\"image\":{\"@id\":\"https:\\\/\\\/www.drdroeseler.de\\\/#\\\/schema\\\/logo\\\/image\\\/\"},\"sameAs\":[\"https:\\\/\\\/www.facebook.com\\\/praxisdrdroeseler\",\"https:\\\/\\\/www.instagram.com\\\/droeseler_oralchirurgie_berlin\",\"https:\\\/\\\/www.youtube.com\\\/channel\\\/UCtmQ3q5timwojE-dbbDdybw\"]}]}<\/script>\n<!-- \/ Yoast SEO plugin. -->","yoast_head_json":{"title":"Kontakt - Praxis Dr. Dr\u00f6seler","robots":{"index":"index","follow":"follow","max-snippet":"max-snippet:-1","max-image-preview":"max-image-preview:large","max-video-preview":"max-video-preview:-1"},"canonical":"https:\/\/www.drdroeseler.de\/en\/contact\/","og_locale":"en_GB","og_type":"article","og_title":"Kontakt - Praxis Dr. Dr\u00f6seler","og_description":"Kontakt &#8211; Digital, aber pers\u00f6nlich Praxisanschrift Praxis Dr. Dr\u00f6seler Klausdorfer Str. 2 12629 Berlin T. +49-30-99284228 welcome@dr-droeseler.de","og_url":"https:\/\/www.drdroeseler.de\/en\/contact\/","og_site_name":"Praxis Dr. Dr\u00f6seler","article_publisher":"https:\/\/www.facebook.com\/praxisdrdroeseler","article_modified_time":"2024-02-10T16:30:11+00:00","twitter_card":"summary_large_image","twitter_misc":{"Estimated reading time":"1 minute"},"schema":{"@context":"https:\/\/schema.org","@graph":[{"@type":"WebPage","@id":"https:\/\/www.drdroeseler.de\/en\/contact\/","url":"https:\/\/www.drdroeseler.de\/en\/contact\/","name":"Kontakt - Praxis Dr. Dr\u00f6seler","isPartOf":{"@id":"https:\/\/www.drdroeseler.de\/#website"},"datePublished":"2024-01-14T16:37:08+00:00","dateModified":"2024-02-10T16:30:11+00:00","breadcrumb":{"@id":"https:\/\/www.drdroeseler.de\/en\/contact\/#breadcrumb"},"inLanguage":"en-GB","potentialAction":[{"@type":"ReadAction","target":["https:\/\/www.drdroeseler.de\/en\/contact\/"]}]},{"@type":"BreadcrumbList","@id":"https:\/\/www.drdroeseler.de\/en\/contact\/#breadcrumb","itemListElement":[{"@type":"ListItem","position":1,"name":"Startseite","item":"https:\/\/www.drdroeseler.de\/"},{"@type":"ListItem","position":2,"name":"Kontakt"}]},{"@type":"WebSite","@id":"https:\/\/www.drdroeseler.de\/#website","url":"https:\/\/www.drdroeseler.de\/","name":"Practice Dr. Dr\u00f6seler","description":"Praxis f\u00fcr Oralchirurgie und Implantologie","publisher":{"@id":"https:\/\/www.drdroeseler.de\/#organization"},"potentialAction":[{"@type":"SearchAction","target":{"@type":"EntryPoint","urlTemplate":"https:\/\/www.drdroeseler.de\/?s={search_term_string}"},"query-input":{"@type":"PropertyValueSpecification","valueRequired":true,"valueName":"search_term_string"}}],"inLanguage":"en-GB"},{"@type":"Organization","@id":"https:\/\/www.drdroeseler.de\/#organization","name":"Practice Dr. Dr\u00f6seler","url":"https:\/\/www.drdroeseler.de\/","logo":{"@type":"ImageObject","inLanguage":"en-GB","@id":"https:\/\/www.drdroeseler.de\/#\/schema\/logo\/image\/","url":"https:\/\/www.drdroeseler.de\/wp-content\/uploads\/2024\/01\/dr-droeseler-logo.svg","contentUrl":"https:\/\/www.drdroeseler.de\/wp-content\/uploads\/2024\/01\/dr-droeseler-logo.svg","width":508,"height":169,"caption":"Praxis Dr. Dr\u00f6seler"},"image":{"@id":"https:\/\/www.drdroeseler.de\/#\/schema\/logo\/image\/"},"sameAs":["https:\/\/www.facebook.com\/praxisdrdroeseler","https:\/\/www.instagram.com\/droeseler_oralchirurgie_berlin","https:\/\/www.youtube.com\/channel\/UCtmQ3q5timwojE-dbbDdybw"]}]}},"_links":{"self":[{"href":"https:\/\/www.drdroeseler.de\/en\/wp-json\/wp\/v2\/pages\/104","targetHints":{"allow":["GET"]}}],"collection":[{"href":"https:\/\/www.drdroeseler.de\/en\/wp-json\/wp\/v2\/pages"}],"about":[{"href":"https:\/\/www.drdroeseler.de\/en\/wp-json\/wp\/v2\/types\/page"}],"author":[{"embeddable":true,"href":"https:\/\/www.drdroeseler.de\/en\/wp-json\/wp\/v2\/users\/2"}],"replies":[{"embeddable":true,"href":"https:\/\/www.drdroeseler.de\/en\/wp-json\/wp\/v2\/comments?post=104"}],"version-history":[{"count":13,"href":"https:\/\/www.drdroeseler.de\/en\/wp-json\/wp\/v2\/pages\/104\/revisions"}],"predecessor-version":[{"id":608,"href":"https:\/\/www.drdroeseler.de\/en\/wp-json\/wp\/v2\/pages\/104\/revisions\/608"}],"wp:attachment":[{"href":"https:\/\/www.drdroeseler.de\/en\/wp-json\/wp\/v2\/media?parent=104"}],"curies":[{"name":"wp","href":"https:\/\/api.w.org\/{rel}","templated":true}]}}