{"id":102,"date":"2024-01-14T17:36:37","date_gmt":"2024-01-14T16:36:37","guid":{"rendered":"https:\/\/droeseler-wp.local:7443\/?page_id=102"},"modified":"2024-02-10T13:11:57","modified_gmt":"2024-02-10T12:11:57","slug":"your-referral","status":"publish","type":"page","link":"https:\/\/www.drdroeseler.de\/en\/ihre-ueberweisung\/","title":{"rendered":"Your referral"},"content":{"rendered":"<div data-elementor-type=\"wp-page\" data-elementor-id=\"102\" class=\"elementor elementor-102\" data-elementor-post-type=\"page\">\n\t\t\t\t<div data-particle_enable=\"false\" data-particle-mobile-disabled=\"false\" class=\"elementor-element elementor-element-6740b49 e-flex e-con-boxed e-con e-parent\" data-id=\"6740b49\" data-element_type=\"container\" data-e-type=\"container\">\n\t\t\t\t\t<div class=\"e-con-inner\">\n\t\t\t\t<div class=\"elementor-element elementor-element-b0a1007 elementor-widget elementor-widget-heading\" data-id=\"b0a1007\" data-element_type=\"widget\" data-e-type=\"widget\" data-widget_type=\"heading.default\">\n\t\t\t\t<div class=\"elementor-widget-container\">\n\t\t\t\t\t<h1 class=\"elementor-heading-title elementor-size-default\">Put your referral in qualified hands<\/h1>\t\t\t\t<\/div>\n\t\t\t\t<\/div>\n\t\t\t\t<div class=\"elementor-element elementor-element-bf4c95c elementor-widget elementor-widget-text-editor\" data-id=\"bf4c95c\" data-element_type=\"widget\" data-e-type=\"widget\" data-widget_type=\"text-editor.default\">\n\t\t\t\t<div class=\"elementor-widget-container\">\n\t\t\t\t\t\t\t\t\t<p><strong>As an owner-managed practice with specialist standards and state-of-the-art technology, we welcome collegial cooperation and a corresponding exchange.<\/strong><\/p><p>We are always happy to assist you as the referring doctor - as well as our patients. This requires not only optimal treatment in appropriate coordination but also a transparent exchange. We provide all patients with a report on their findings or treatment for further care by you and are happy to answer any questions you may have.<\/p>\t\t\t\t\t\t\t\t<\/div>\n\t\t\t\t<\/div>\n\t\t\t\t<div class=\"elementor-element elementor-element-fcd1b35 elementor-widget elementor-widget-image\" data-id=\"fcd1b35\" data-element_type=\"widget\" data-e-type=\"widget\" data-widget_type=\"image.default\">\n\t\t\t\t<div class=\"elementor-widget-container\">\n\t\t\t\t\t\t\t\t\t\t\t\t\t\t\t<img fetchpriority=\"high\" decoding=\"async\" width=\"2000\" height=\"1011\" src=\"https:\/\/www.drdroeseler.de\/wp-content\/uploads\/2024\/02\/droeseler_glo_6231-1.jpg\" class=\"attachment-full size-full wp-image-596\" alt=\"\" srcset=\"https:\/\/www.drdroeseler.de\/wp-content\/uploads\/2024\/02\/droeseler_glo_6231-1.jpg 2000w, https:\/\/www.drdroeseler.de\/wp-content\/uploads\/2024\/02\/droeseler_glo_6231-1-300x152.jpg 300w, https:\/\/www.drdroeseler.de\/wp-content\/uploads\/2024\/02\/droeseler_glo_6231-1-1024x518.jpg 1024w, https:\/\/www.drdroeseler.de\/wp-content\/uploads\/2024\/02\/droeseler_glo_6231-1-768x388.jpg 768w, https:\/\/www.drdroeseler.de\/wp-content\/uploads\/2024\/02\/droeseler_glo_6231-1-1536x776.jpg 1536w\" sizes=\"(max-width: 2000px) 100vw, 2000px\" \/>\t\t\t\t\t\t\t\t\t\t\t\t\t\t\t<\/div>\n\t\t\t\t<\/div>\n\t\t\t\t<div class=\"elementor-element elementor-element-7179844 elementor-widget elementor-widget-heading\" data-id=\"7179844\" data-element_type=\"widget\" data-e-type=\"widget\" data-widget_type=\"heading.default\">\n\t\t\t\t<div class=\"elementor-widget-container\">\n\t\t\t\t\t<h2 class=\"elementor-heading-title elementor-size-default\">We supplement your own treatment strategy with the following treatments in particular:<\/h2>\t\t\t\t<\/div>\n\t\t\t\t<\/div>\n\t\t\t\t<div class=\"elementor-element elementor-element-e61d1d3 elementor-widget elementor-widget-text-editor\" data-id=\"e61d1d3\" data-element_type=\"widget\" data-e-type=\"widget\" data-widget_type=\"text-editor.default\">\n\t\t\t\t<div class=\"elementor-widget-container\">\n\t\t\t\t\t\t\t\t\t<ul><li class=\"translation-block\"><strong>Removal of impacted teeth<\/strong> e.g. canines and wisdom teeth, exposure of displaced teeth for orthodontic integration<\/li><li><strong>Bone-sparing dental surgery<\/strong><\/li><li class=\"translation-block\"><strong>minimally invasive root tip resections<\/strong> (retrograde root filling, orthograde root filling - see also endodontics, teeth 37 and 47 can also be preserved using surgically complex methods<\/li><li class=\"translation-block\"><strong>Maxillary sinus surgery<\/strong> with vestibular bone-sparing access according to Lindorf<\/li><li class=\"translation-block\"><strong>Transplantation<\/strong> of teeth<\/li><li class=\"translation-block\"><strong>Mucosal diagnostics<\/strong> (brush biopsy)<\/li><li class=\"translation-block\"><strong>Focus search for systemic diseases<\/strong> and before operations<\/li><li class=\"translation-block\"><strong>Dental implants, with vertical and horizontal bone augmentation<\/strong>: Please let us know your planning ideas for the implants. Please provide us with models and X-ray images for planning purposes. Depending on the patient's findings and medical history, we use different strategies to achieve a sufficient and sustainable implant site.<br>We use <strong>implant systems<\/strong> from the following manufacturers: <strong>Camlog, Straumann, Ankylos, Astra Tech<\/strong><\/li><li class=\"translation-block\"><strong>Computer-navigated implantology<\/strong> for high precision in backward planning<\/li><li class=\"translation-block\"><strong>We can guarantee safe and gentle procedures under sedation or in ITN<\/strong> for <strong>patients with anxiety<\/strong>. As a rule, a total restoration is then aimed for. We can also perform tooth-preserving procedures such as small fillings and impressions in cases of severe gag reflexes.<\/li><li class=\"translation-block\"><strong>Endodontics<\/strong>: only as a referral service for which the patient makes a co-payment or as a purely private service with surgical microscope, NiTi machine preparation.<\/li><li class=\"translation-block\"><strong>Periodontal surgery<\/strong>: vestibuloplasty, connective tissue graft, open curettage. For closed curettage, we work together with a certified dental hygienist.<\/li><li class=\"translation-block\"><strong>Digital volume tomography<\/strong> (DVT) with a low-radiation device including findings and data carrier, as a basis for navigated implantology - please let us know which program you work with (siCAT, CoDiagnostix, etc.). For clarification of paranasal sinus findings <strong>also suitable for ENT<\/strong>.<\/li><\/ul>\t\t\t\t\t\t\t\t<\/div>\n\t\t\t\t<\/div>\n\t\t\t\t\t<\/div>\n\t\t\t\t<\/div>\n\t\t\t\t<\/div>","protected":false},"excerpt":{"rendered":"<p>\u00dcberweisen Sie in qualifizierte H\u00e4nde Als inhabergef\u00fchrte Praxis mit Facharztstandard und modernster Technik begr\u00fc\u00dfen wir eine kollegiale Zusammenarbeit und einen [&hellip;]<\/p>\n","protected":false},"author":2,"featured_media":0,"parent":0,"menu_order":0,"comment_status":"closed","ping_status":"closed","template":"","meta":{"site-sidebar-layout":"no-sidebar","site-content-layout":"","ast-site-content-layout":"default","site-content-style":"default","site-sidebar-style":"default","ast-global-header-display":"","ast-banner-title-visibility":"","ast-main-header-display":"","ast-hfb-above-header-display":"","ast-hfb-below-header-display":"","ast-hfb-mobile-header-display":"","site-post-title":"disabled","ast-breadcrumbs-content":"","ast-featured-img":"disabled","footer-sml-layout":"","ast-disable-related-posts":"","theme-transparent-header-meta":"","adv-header-id-meta":"","stick-header-meta":"","header-above-stick-meta":"","header-main-stick-meta":"","header-below-stick-meta":"","astra-migrate-meta-layouts":"default","ast-page-background-enabled":"default","ast-page-background-meta":{"desktop":{"background-color":"var(--ast-global-color-4)","background-image":"","background-repeat":"repeat","background-position":"center center","background-size":"auto","background-attachment":"scroll","background-type":"","background-media":"","overlay-type":"","overlay-color":"","overlay-opacity":"","overlay-gradient":""},"tablet":{"background-color":"","background-image":"","background-repeat":"repeat","background-position":"center center","background-size":"auto","background-attachment":"scroll","background-type":"","background-media":"","overlay-type":"","overlay-color":"","overlay-opacity":"","overlay-gradient":""},"mobile":{"background-color":"","background-image":"","background-repeat":"repeat","background-position":"center center","background-size":"auto","background-attachment":"scroll","background-type":"","background-media":"","overlay-type":"","overlay-color":"","overlay-opacity":"","overlay-gradient":""}},"ast-content-background-meta":{"desktop":{"background-color":"var(--ast-global-color-5)","background-image":"","background-repeat":"repeat","background-position":"center center","background-size":"auto","background-attachment":"scroll","background-type":"","background-media":"","overlay-type":"","overlay-color":"","overlay-opacity":"","overlay-gradient":""},"tablet":{"background-color":"var(--ast-global-color-5)","background-image":"","background-repeat":"repeat","background-position":"center center","background-size":"auto","background-attachment":"scroll","background-type":"","background-media":"","overlay-type":"","overlay-color":"","overlay-opacity":"","overlay-gradient":""},"mobile":{"background-color":"var(--ast-global-color-5)","background-image":"","background-repeat":"repeat","background-position":"center center","background-size":"auto","background-attachment":"scroll","background-type":"","background-media":"","overlay-type":"","overlay-color":"","overlay-opacity":"","overlay-gradient":""}},"footnotes":""},"class_list":["post-102","page","type-page","status-publish","hentry"],"yoast_head":"<!-- This site is optimized with the Yoast SEO plugin v27.3 - https:\/\/yoast.com\/product\/yoast-seo-wordpress\/ -->\n<title>Ihre \u00dcberweisung - Praxis Dr. Dr\u00f6seler<\/title>\n<meta name=\"robots\" content=\"index, follow, max-snippet:-1, max-image-preview:large, max-video-preview:-1\" \/>\n<link rel=\"canonical\" href=\"https:\/\/www.drdroeseler.de\/en\/your-referral\/\" \/>\n<meta property=\"og:locale\" content=\"en_GB\" \/>\n<meta property=\"og:type\" content=\"article\" \/>\n<meta property=\"og:title\" content=\"Ihre \u00dcberweisung - Praxis Dr. Dr\u00f6seler\" \/>\n<meta property=\"og:description\" content=\"\u00dcberweisen Sie in qualifizierte H\u00e4nde Als inhabergef\u00fchrte Praxis mit Facharztstandard und modernster Technik begr\u00fc\u00dfen wir eine kollegiale Zusammenarbeit und einen [&hellip;]\" \/>\n<meta property=\"og:url\" content=\"https:\/\/www.drdroeseler.de\/en\/your-referral\/\" \/>\n<meta property=\"og:site_name\" content=\"Praxis Dr. Dr\u00f6seler\" \/>\n<meta property=\"article:publisher\" content=\"https:\/\/www.facebook.com\/praxisdrdroeseler\" \/>\n<meta property=\"article:modified_time\" content=\"2024-02-10T12:11:57+00:00\" \/>\n<meta property=\"og:image\" content=\"https:\/\/droeseler.markveys.de\/wp-content\/uploads\/2024\/02\/droeseler_glo_6231-1.jpg\" \/>\n<meta name=\"twitter:card\" content=\"summary_large_image\" \/>\n<meta name=\"twitter:label1\" content=\"Estimated reading time\" \/>\n\t<meta name=\"twitter:data1\" content=\"2 minutes\" \/>\n<script type=\"application\/ld+json\" class=\"yoast-schema-graph\">{\"@context\":\"https:\\\/\\\/schema.org\",\"@graph\":[{\"@type\":\"WebPage\",\"@id\":\"https:\\\/\\\/www.drdroeseler.de\\\/en\\\/your-referral\\\/\",\"url\":\"https:\\\/\\\/www.drdroeseler.de\\\/en\\\/your-referral\\\/\",\"name\":\"Ihre \u00dcberweisung - Praxis Dr. Dr\u00f6seler\",\"isPartOf\":{\"@id\":\"https:\\\/\\\/www.drdroeseler.de\\\/#website\"},\"primaryImageOfPage\":{\"@id\":\"https:\\\/\\\/www.drdroeseler.de\\\/en\\\/your-referral\\\/#primaryimage\"},\"image\":{\"@id\":\"https:\\\/\\\/www.drdroeseler.de\\\/en\\\/your-referral\\\/#primaryimage\"},\"thumbnailUrl\":\"https:\\\/\\\/droeseler.markveys.de\\\/wp-content\\\/uploads\\\/2024\\\/02\\\/droeseler_glo_6231-1.jpg\",\"datePublished\":\"2024-01-14T16:36:37+00:00\",\"dateModified\":\"2024-02-10T12:11:57+00:00\",\"breadcrumb\":{\"@id\":\"https:\\\/\\\/www.drdroeseler.de\\\/en\\\/your-referral\\\/#breadcrumb\"},\"inLanguage\":\"en-GB\",\"potentialAction\":[{\"@type\":\"ReadAction\",\"target\":[\"https:\\\/\\\/www.drdroeseler.de\\\/en\\\/your-referral\\\/\"]}]},{\"@type\":\"ImageObject\",\"inLanguage\":\"en-GB\",\"@id\":\"https:\\\/\\\/www.drdroeseler.de\\\/en\\\/your-referral\\\/#primaryimage\",\"url\":\"https:\\\/\\\/droeseler.markveys.de\\\/wp-content\\\/uploads\\\/2024\\\/02\\\/droeseler_glo_6231-1.jpg\",\"contentUrl\":\"https:\\\/\\\/droeseler.markveys.de\\\/wp-content\\\/uploads\\\/2024\\\/02\\\/droeseler_glo_6231-1.jpg\"},{\"@type\":\"BreadcrumbList\",\"@id\":\"https:\\\/\\\/www.drdroeseler.de\\\/en\\\/your-referral\\\/#breadcrumb\",\"itemListElement\":[{\"@type\":\"ListItem\",\"position\":1,\"name\":\"Startseite\",\"item\":\"https:\\\/\\\/www.drdroeseler.de\\\/\"},{\"@type\":\"ListItem\",\"position\":2,\"name\":\"Ihre \u00dcberweisung\"}]},{\"@type\":\"WebSite\",\"@id\":\"https:\\\/\\\/www.drdroeseler.de\\\/#website\",\"url\":\"https:\\\/\\\/www.drdroeseler.de\\\/\",\"name\":\"Praxis Dr. Dr\u00f6seler\",\"description\":\"Praxis f\u00fcr Oralchirurgie und Implantologie\",\"publisher\":{\"@id\":\"https:\\\/\\\/www.drdroeseler.de\\\/#organization\"},\"potentialAction\":[{\"@type\":\"SearchAction\",\"target\":{\"@type\":\"EntryPoint\",\"urlTemplate\":\"https:\\\/\\\/www.drdroeseler.de\\\/?s={search_term_string}\"},\"query-input\":{\"@type\":\"PropertyValueSpecification\",\"valueRequired\":true,\"valueName\":\"search_term_string\"}}],\"inLanguage\":\"en-GB\"},{\"@type\":\"Organization\",\"@id\":\"https:\\\/\\\/www.drdroeseler.de\\\/#organization\",\"name\":\"Praxis Dr. Dr\u00f6seler\",\"url\":\"https:\\\/\\\/www.drdroeseler.de\\\/\",\"logo\":{\"@type\":\"ImageObject\",\"inLanguage\":\"en-GB\",\"@id\":\"https:\\\/\\\/www.drdroeseler.de\\\/#\\\/schema\\\/logo\\\/image\\\/\",\"url\":\"https:\\\/\\\/www.drdroeseler.de\\\/wp-content\\\/uploads\\\/2024\\\/01\\\/dr-droeseler-logo.svg\",\"contentUrl\":\"https:\\\/\\\/www.drdroeseler.de\\\/wp-content\\\/uploads\\\/2024\\\/01\\\/dr-droeseler-logo.svg\",\"width\":508,\"height\":169,\"caption\":\"Praxis Dr. Dr\u00f6seler\"},\"image\":{\"@id\":\"https:\\\/\\\/www.drdroeseler.de\\\/#\\\/schema\\\/logo\\\/image\\\/\"},\"sameAs\":[\"https:\\\/\\\/www.facebook.com\\\/praxisdrdroeseler\",\"https:\\\/\\\/www.instagram.com\\\/droeseler_oralchirurgie_berlin\",\"https:\\\/\\\/www.youtube.com\\\/channel\\\/UCtmQ3q5timwojE-dbbDdybw\"]}]}<\/script>\n<!-- \/ Yoast SEO plugin. -->","yoast_head_json":{"title":"Ihre \u00dcberweisung - Praxis Dr. Dr\u00f6seler","robots":{"index":"index","follow":"follow","max-snippet":"max-snippet:-1","max-image-preview":"max-image-preview:large","max-video-preview":"max-video-preview:-1"},"canonical":"https:\/\/www.drdroeseler.de\/en\/your-referral\/","og_locale":"en_GB","og_type":"article","og_title":"Ihre \u00dcberweisung - Praxis Dr. Dr\u00f6seler","og_description":"\u00dcberweisen Sie in qualifizierte H\u00e4nde Als inhabergef\u00fchrte Praxis mit Facharztstandard und modernster Technik begr\u00fc\u00dfen wir eine kollegiale Zusammenarbeit und einen [&hellip;]","og_url":"https:\/\/www.drdroeseler.de\/en\/your-referral\/","og_site_name":"Praxis Dr. Dr\u00f6seler","article_publisher":"https:\/\/www.facebook.com\/praxisdrdroeseler","article_modified_time":"2024-02-10T12:11:57+00:00","og_image":[{"url":"https:\/\/droeseler.markveys.de\/wp-content\/uploads\/2024\/02\/droeseler_glo_6231-1.jpg","type":"","width":"","height":""}],"twitter_card":"summary_large_image","twitter_misc":{"Estimated reading time":"2 minutes"},"schema":{"@context":"https:\/\/schema.org","@graph":[{"@type":"WebPage","@id":"https:\/\/www.drdroeseler.de\/en\/your-referral\/","url":"https:\/\/www.drdroeseler.de\/en\/your-referral\/","name":"Ihre \u00dcberweisung - Praxis Dr. Dr\u00f6seler","isPartOf":{"@id":"https:\/\/www.drdroeseler.de\/#website"},"primaryImageOfPage":{"@id":"https:\/\/www.drdroeseler.de\/en\/your-referral\/#primaryimage"},"image":{"@id":"https:\/\/www.drdroeseler.de\/en\/your-referral\/#primaryimage"},"thumbnailUrl":"https:\/\/droeseler.markveys.de\/wp-content\/uploads\/2024\/02\/droeseler_glo_6231-1.jpg","datePublished":"2024-01-14T16:36:37+00:00","dateModified":"2024-02-10T12:11:57+00:00","breadcrumb":{"@id":"https:\/\/www.drdroeseler.de\/en\/your-referral\/#breadcrumb"},"inLanguage":"en-GB","potentialAction":[{"@type":"ReadAction","target":["https:\/\/www.drdroeseler.de\/en\/your-referral\/"]}]},{"@type":"ImageObject","inLanguage":"en-GB","@id":"https:\/\/www.drdroeseler.de\/en\/your-referral\/#primaryimage","url":"https:\/\/droeseler.markveys.de\/wp-content\/uploads\/2024\/02\/droeseler_glo_6231-1.jpg","contentUrl":"https:\/\/droeseler.markveys.de\/wp-content\/uploads\/2024\/02\/droeseler_glo_6231-1.jpg"},{"@type":"BreadcrumbList","@id":"https:\/\/www.drdroeseler.de\/en\/your-referral\/#breadcrumb","itemListElement":[{"@type":"ListItem","position":1,"name":"Startseite","item":"https:\/\/www.drdroeseler.de\/"},{"@type":"ListItem","position":2,"name":"Ihre \u00dcberweisung"}]},{"@type":"WebSite","@id":"https:\/\/www.drdroeseler.de\/#website","url":"https:\/\/www.drdroeseler.de\/","name":"Practice Dr. Dr\u00f6seler","description":"Praxis f\u00fcr Oralchirurgie und Implantologie","publisher":{"@id":"https:\/\/www.drdroeseler.de\/#organization"},"potentialAction":[{"@type":"SearchAction","target":{"@type":"EntryPoint","urlTemplate":"https:\/\/www.drdroeseler.de\/?s={search_term_string}"},"query-input":{"@type":"PropertyValueSpecification","valueRequired":true,"valueName":"search_term_string"}}],"inLanguage":"en-GB"},{"@type":"Organization","@id":"https:\/\/www.drdroeseler.de\/#organization","name":"Practice Dr. Dr\u00f6seler","url":"https:\/\/www.drdroeseler.de\/","logo":{"@type":"ImageObject","inLanguage":"en-GB","@id":"https:\/\/www.drdroeseler.de\/#\/schema\/logo\/image\/","url":"https:\/\/www.drdroeseler.de\/wp-content\/uploads\/2024\/01\/dr-droeseler-logo.svg","contentUrl":"https:\/\/www.drdroeseler.de\/wp-content\/uploads\/2024\/01\/dr-droeseler-logo.svg","width":508,"height":169,"caption":"Praxis Dr. Dr\u00f6seler"},"image":{"@id":"https:\/\/www.drdroeseler.de\/#\/schema\/logo\/image\/"},"sameAs":["https:\/\/www.facebook.com\/praxisdrdroeseler","https:\/\/www.instagram.com\/droeseler_oralchirurgie_berlin","https:\/\/www.youtube.com\/channel\/UCtmQ3q5timwojE-dbbDdybw"]}]}},"_links":{"self":[{"href":"https:\/\/www.drdroeseler.de\/en\/wp-json\/wp\/v2\/pages\/102","targetHints":{"allow":["GET"]}}],"collection":[{"href":"https:\/\/www.drdroeseler.de\/en\/wp-json\/wp\/v2\/pages"}],"about":[{"href":"https:\/\/www.drdroeseler.de\/en\/wp-json\/wp\/v2\/types\/page"}],"author":[{"embeddable":true,"href":"https:\/\/www.drdroeseler.de\/en\/wp-json\/wp\/v2\/users\/2"}],"replies":[{"embeddable":true,"href":"https:\/\/www.drdroeseler.de\/en\/wp-json\/wp\/v2\/comments?post=102"}],"version-history":[{"count":4,"href":"https:\/\/www.drdroeseler.de\/en\/wp-json\/wp\/v2\/pages\/102\/revisions"}],"predecessor-version":[{"id":599,"href":"https:\/\/www.drdroeseler.de\/en\/wp-json\/wp\/v2\/pages\/102\/revisions\/599"}],"wp:attachment":[{"href":"https:\/\/www.drdroeseler.de\/en\/wp-json\/wp\/v2\/media?parent=102"}],"curies":[{"name":"wp","href":"https:\/\/api.w.org\/{rel}","templated":true}]}}