{"id":100,"date":"2024-01-14T17:36:17","date_gmt":"2024-01-14T16:36:17","guid":{"rendered":"https:\/\/droeseler-wp.local:7443\/?page_id=100"},"modified":"2026-01-26T16:10:42","modified_gmt":"2026-01-26T15:10:42","slug":"your-practice","status":"publish","type":"page","link":"https:\/\/www.drdroeseler.de\/en\/ihre-praxis\/","title":{"rendered":"Your practice"},"content":{"rendered":"\t\t<div data-elementor-type=\"wp-page\" data-elementor-id=\"100\" class=\"elementor elementor-100\" data-elementor-post-type=\"page\">\n\t\t\t\t<div data-particle_enable=\"false\" data-particle-mobile-disabled=\"false\" class=\"elementor-element elementor-element-0aba281 e-flex e-con-boxed e-con e-parent\" data-id=\"0aba281\" data-element_type=\"container\" data-e-type=\"container\">\n\t\t\t\t\t<div class=\"e-con-inner\">\n\t\t<div data-particle_enable=\"false\" data-particle-mobile-disabled=\"false\" class=\"elementor-element elementor-element-d038f9d e-flex e-con-boxed e-con e-child\" data-id=\"d038f9d\" data-element_type=\"container\" data-e-type=\"container\">\n\t\t\t\t\t<div class=\"e-con-inner\">\n\t\t\t\t<div class=\"elementor-element elementor-element-c411df5 elementor-widget elementor-widget-heading\" data-id=\"c411df5\" data-element_type=\"widget\" data-e-type=\"widget\" data-widget_type=\"heading.default\">\n\t\t\t\t<div class=\"elementor-widget-container\">\n\t\t\t\t\t<h1 class=\"elementor-heading-title elementor-size-default\">Ihr Praxis-Team<\/h1>\t\t\t\t<\/div>\n\t\t\t\t<\/div>\n\t\t\t\t<div class=\"elementor-element elementor-element-a042cca elementor-widget elementor-widget-text-editor\" data-id=\"a042cca\" data-element_type=\"widget\" data-e-type=\"widget\" data-widget_type=\"text-editor.default\">\n\t\t\t\t<div class=\"elementor-widget-container\">\n\t\t\t\t\t\t\t\t\t<p>In unserer Praxis erwartet Sie ein hochqualifiziertes Team. Alle Mitarbeiterinnen und Mitarbeiter z\u00e4hlen zu den Besten ihres Faches. Da uns das Beste jedoch \u2013 genau genommen \u2013 immer noch nicht gen\u00fcgt, genie\u00dfen kontinuierliche Qualit\u00e4tssicherung sowie Fort- und Weiterbildungen zu den jeweiligen fachlichen Themen einen hohen Stellenwert. Denn nur mit diesem Selbstverst\u00e4ndnis k\u00f6nnen wir der Verantwortung gerecht werden, Sie bestm\u00f6glich zu behandeln.<\/p><p>Genaugenommen ist Qualifikation aber nicht alles: Vom ersten Kontakt mit unserer Praxis \u00fcber die eigentliche Behandlung bis hin zur Nachsorge sch\u00e4tzen unsere Patienten vor allem, dass wir auf sie und ihre individuellen Bed\u00fcrfnisse eingehen k\u00f6nnen. Das ist nicht selbstverst\u00e4ndlich. Aber es genie\u00dft in der Praxis Dr. Dr\u00f6seler einen ebenso hohen Stellenwert wie die fachliche Kompetenz.<\/p><p><strong>Entsprechend unserem Credo: In guten H\u00e4nden.<\/strong><\/p>\t\t\t\t\t\t\t\t<\/div>\n\t\t\t\t<\/div>\n\t\t\t\t\t<\/div>\n\t\t\t\t<\/div>\n\t\t\t\t\t<\/div>\n\t\t\t\t<\/div>\n\t\t<div data-particle_enable=\"false\" data-particle-mobile-disabled=\"false\" class=\"elementor-element elementor-element-642e721 e-flex e-con-boxed e-con e-parent\" data-id=\"642e721\" data-element_type=\"container\" data-e-type=\"container\">\n\t\t\t\t\t<div class=\"e-con-inner\">\n\t\t\t\t<div class=\"elementor-element elementor-element-8909bbe elementor-widget-divider--view-line elementor-widget elementor-widget-divider\" data-id=\"8909bbe\" data-element_type=\"widget\" data-e-type=\"widget\" data-widget_type=\"divider.default\">\n\t\t\t\t<div class=\"elementor-widget-container\">\n\t\t\t\t\t\t\t<div class=\"elementor-divider\">\n\t\t\t<span class=\"elementor-divider-separator\">\n\t\t\t\t\t\t<\/span>\n\t\t<\/div>\n\t\t\t\t\t\t<\/div>\n\t\t\t\t<\/div>\n\t\t\t\t<div class=\"elementor-element elementor-element-7df44a1 elementor-widget elementor-widget-heading\" data-id=\"7df44a1\" data-element_type=\"widget\" data-e-type=\"widget\" data-widget_type=\"heading.default\">\n\t\t\t\t<div class=\"elementor-widget-container\">\n\t\t\t\t\t<h3 class=\"elementor-heading-title elementor-size-default\">\u00dcber Dr. med. dent. Christoph Dr\u00f6seler<\/h3>\t\t\t\t<\/div>\n\t\t\t\t<\/div>\n\t\t\t\t\t<\/div>\n\t\t\t\t<\/div>\n\t\t<div data-particle_enable=\"false\" data-particle-mobile-disabled=\"false\" class=\"elementor-element elementor-element-ebcd347 e-flex e-con-boxed e-con e-parent\" data-id=\"ebcd347\" data-element_type=\"container\" data-e-type=\"container\">\n\t\t\t\t\t<div class=\"e-con-inner\">\n\t\t<div data-particle_enable=\"false\" data-particle-mobile-disabled=\"false\" class=\"elementor-element elementor-element-08e9f81 e-con-full e-flex e-con e-child\" data-id=\"08e9f81\" data-element_type=\"container\" data-e-type=\"container\">\n\t\t\t\t<div class=\"elementor-element elementor-element-5defd1f elementor-widget elementor-widget-image\" data-id=\"5defd1f\" data-element_type=\"widget\" data-e-type=\"widget\" data-widget_type=\"image.default\">\n\t\t\t\t<div class=\"elementor-widget-container\">\n\t\t\t\t\t\t\t\t\t\t\t\t\t\t\t<img fetchpriority=\"high\" decoding=\"async\" width=\"1024\" height=\"857\" src=\"https:\/\/www.drdroeseler.de\/wp-content\/uploads\/2024\/02\/dr-christoph-droeseler-1024x857.jpg\" class=\"attachment-large size-large wp-image-572\" alt=\"\" srcset=\"https:\/\/www.drdroeseler.de\/wp-content\/uploads\/2024\/02\/dr-christoph-droeseler-1024x857.jpg 1024w, https:\/\/www.drdroeseler.de\/wp-content\/uploads\/2024\/02\/dr-christoph-droeseler-300x251.jpg 300w, https:\/\/www.drdroeseler.de\/wp-content\/uploads\/2024\/02\/dr-christoph-droeseler-768x643.jpg 768w, https:\/\/www.drdroeseler.de\/wp-content\/uploads\/2024\/02\/dr-christoph-droeseler.jpg 1500w\" sizes=\"(max-width: 1024px) 100vw, 1024px\" \/>\t\t\t\t\t\t\t\t\t\t\t\t\t\t\t<\/div>\n\t\t\t\t<\/div>\n\t\t\t\t<div class=\"elementor-element elementor-element-1288baa elementor-widget elementor-widget-text-editor\" data-id=\"1288baa\" data-element_type=\"widget\" data-e-type=\"widget\" data-widget_type=\"text-editor.default\">\n\t\t\t\t<div class=\"elementor-widget-container\">\n\t\t\t\t\t\t\t\t\t<p>Dr. med. dent. Christoph Dr\u00f6seler<\/p>\t\t\t\t\t\t\t\t<\/div>\n\t\t\t\t<\/div>\n\t\t\t\t<\/div>\n\t\t<div data-particle_enable=\"false\" data-particle-mobile-disabled=\"false\" class=\"elementor-element elementor-element-6376e5f e-con-full e-flex e-con e-child\" data-id=\"6376e5f\" data-element_type=\"container\" data-e-type=\"container\">\n\t\t\t\t<div class=\"elementor-element elementor-element-f0e7f71 elementor-widget elementor-widget-text-editor\" data-id=\"f0e7f71\" data-element_type=\"widget\" data-e-type=\"widget\" data-widget_type=\"text-editor.default\">\n\t\t\t\t<div class=\"elementor-widget-container\">\n\t\t\t\t\t\t\t\t\t<p>Dr. med. dent. Christoph Dr\u00f6seler, Jahrgang 1976, wurde nach seinem Studium der Zahnmedizin\u00a0und erfolgreichem Staatsexamen von der Humboldt-Universit\u00e4t zu Berlin magna cum laude promoviert. Nach erfolgreicher Weiterbildung zum Facharzt f\u00fcr Oralchirurgie arbeitete er bis 2010 als Oralchirurg in der Klinik f\u00fcr Kiefer- und Gesichtschirurgie der Universit\u00e4t Leipzig. Nach zwei weiteren Berufsjahren als Oralchirurg in der Praxis lie\u00df Christoph Dr\u00f6seler sich\u00a02012 mit einer eigenen\u00a0Praxis f\u00fcr Oralchirurgie und Implantologie im Gesundheitszentrum am Gr\u00fcnen Band in Berlin Marzahn-Hellersdorf nieder.<\/p><p>Neben wiederkehrenden fachspezifischen Fortbildungen gilt sein besonderes Interesse der schonenden und nachhaltigen Behandlung nach modernstem Stand der Wissenschaft sowie der Behandlung von Angstpatienten.<\/p>\t\t\t\t\t\t\t\t<\/div>\n\t\t\t\t<\/div>\n\t\t\t\t<\/div>\n\t\t\t\t\t<\/div>\n\t\t\t\t<\/div>\n\t\t<div data-particle_enable=\"false\" data-particle-mobile-disabled=\"false\" class=\"elementor-element elementor-element-683bb94 e-flex e-con-boxed e-con e-parent\" data-id=\"683bb94\" data-element_type=\"container\" data-e-type=\"container\">\n\t\t\t\t\t<div class=\"e-con-inner\">\n\t\t\t\t<div class=\"elementor-element elementor-element-d79c507 elementor-widget elementor-widget-heading\" data-id=\"d79c507\" data-element_type=\"widget\" data-e-type=\"widget\" data-widget_type=\"heading.default\">\n\t\t\t\t<div class=\"elementor-widget-container\">\n\t\t\t\t\t<h2 class=\"elementor-heading-title elementor-size-default\">Kontakt - Digital, aber pers\u00f6nlich<\/h2>\t\t\t\t<\/div>\n\t\t\t\t<\/div>\n\t\t<div data-particle_enable=\"false\" data-particle-mobile-disabled=\"false\" class=\"elementor-element elementor-element-e0ac240 e-con-full e-flex e-con e-child\" data-id=\"e0ac240\" data-element_type=\"container\" data-e-type=\"container\">\n\t\t\t\t<div class=\"elementor-element elementor-element-16b5c13 elementor-widget elementor-widget-shortcode\" data-id=\"16b5c13\" data-element_type=\"widget\" data-e-type=\"widget\" data-widget_type=\"shortcode.default\">\n\t\t\t\t<div class=\"elementor-widget-container\">\n\t\t\t\t\t\t\t<div class=\"elementor-shortcode\"><div class=\"leaflet-map WPLeafletMap\" style=\"height:400px; width:100%;\"><\/div><script>\nwindow.WPLeafletMapPlugin = window.WPLeafletMapPlugin || [];\nwindow.WPLeafletMapPlugin.push(function WPLeafletMapShortcode() {\/*<script>*\/\nvar baseUrl = atob('aHR0cHM6Ly9tYXBzLm1hcmt2ZXlzLmNvbS9zdHlsZXMvYmFzaWMve3p9L3t4fS97eX1AMngucG5n');\nvar base = (!baseUrl && window.MQ) ?\n    window.MQ.mapLayer() : L.tileLayer(baseUrl,\n        L.Util.extend({}, {\n            detectRetina: 0,\n        },\n        {\"subdomains\":\"abc\",\"zoomOffset\":0,\"noWrap\":false,\"maxZoom\":20}        )\n    );\n    var options = L.Util.extend({}, {\n        layers: [base],\n        attributionControl: false\n    },\n    {\"zoomControl\":true,\"scrollWheelZoom\":false,\"doubleClickZoom\":true,\"fitBounds\":false,\"minZoom\":14,\"maxZoom\":20,\"maxBounds\":null,\"attribution\":\"\"},\n    {});\nwindow.WPLeafletMapPlugin.createMap(options).setView([52.545196,13.594104],16);});<\/script>\n<script>\nwindow.WPLeafletMapPlugin = window.WPLeafletMapPlugin || [];\nwindow.WPLeafletMapPlugin.push(function WPLeafletMarkerShortcode() {\/*<script>*\/\nvar map = window.WPLeafletMapPlugin.getCurrentMap();\nvar group = window.WPLeafletMapPlugin.getCurrentGroup();\nvar marker_options = window.WPLeafletMapPlugin.getIconOptions({\"svg\":true,\"background\":\"#11acb0\"});\nvar marker = new L.SVGMarker(\n    [0,0],\n    marker_options\n);\nvar is_image = map.is_image_map;\n    marker.setLatLng( map.getCenter() );\nif (marker_options.draggable) {\n    marker.on('dragend', function () {\n        var latlng = this.getLatLng();\n        var lat = latlng.lat;\n        var lng = latlng.lng;\n        if (is_image) {\n            console.log('leaflet-marker y=' + lat + ' x=' + lng);\n        } else {\n            console.log('leaflet-marker lat=' + lat + ' lng=' + lng);\n        }\n    });\n}\nmarker.addTo( group );\nwindow.WPLeafletMapPlugin.markers.push( marker );\n        });<\/script>\n<\/div>\n\t\t\t\t\t\t<\/div>\n\t\t\t\t<\/div>\n\t\t\t\t<div class=\"elementor-element elementor-element-da7c634 elementor-widget elementor-widget-text-editor\" data-id=\"da7c634\" data-element_type=\"widget\" data-e-type=\"widget\" data-widget_type=\"text-editor.default\">\n\t\t\t\t<div class=\"elementor-widget-container\">\n\t\t\t\t\t\t\t\t\t<h2>Praxisanschrift<\/h2>\n<p>Praxis Dr. Dr\u00f6seler<br>\nKlausdorfer Str. 2<br>\n12629 Berlin<\/p>\n<p>T. +49-30-99284228<\/p>\n<p>welcome@dr-droeseler.de<\/p>\t\t\t\t\t\t\t\t<\/div>\n\t\t\t\t<\/div>\n\t\t\t\t<\/div>\n\t\t\t\t\t<\/div>\n\t\t\t\t<\/div>\n\t\t\t\t<\/div>\n\t\t","protected":false},"excerpt":{"rendered":"<p>Ihr Praxis-Team In unserer Praxis erwartet Sie ein hochqualifiziertes Team. Alle Mitarbeiterinnen und Mitarbeiter z\u00e4hlen zu den Besten ihres Faches. [&hellip;]<\/p>\n","protected":false},"author":2,"featured_media":0,"parent":0,"menu_order":0,"comment_status":"closed","ping_status":"closed","template":"","meta":{"site-sidebar-layout":"no-sidebar","site-content-layout":"","ast-site-content-layout":"default","site-content-style":"default","site-sidebar-style":"default","ast-global-header-display":"","ast-banner-title-visibility":"","ast-main-header-display":"","ast-hfb-above-header-display":"","ast-hfb-below-header-display":"","ast-hfb-mobile-header-display":"","site-post-title":"disabled","ast-breadcrumbs-content":"","ast-featured-img":"disabled","footer-sml-layout":"","ast-disable-related-posts":"","theme-transparent-header-meta":"","adv-header-id-meta":"","stick-header-meta":"","header-above-stick-meta":"","header-main-stick-meta":"","header-below-stick-meta":"","astra-migrate-meta-layouts":"default","ast-page-background-enabled":"default","ast-page-background-meta":{"desktop":{"background-color":"var(--ast-global-color-4)","background-image":"","background-repeat":"repeat","background-position":"center center","background-size":"auto","background-attachment":"scroll","background-type":"","background-media":"","overlay-type":"","overlay-color":"","overlay-opacity":"","overlay-gradient":""},"tablet":{"background-color":"","background-image":"","background-repeat":"repeat","background-position":"center center","background-size":"auto","background-attachment":"scroll","background-type":"","background-media":"","overlay-type":"","overlay-color":"","overlay-opacity":"","overlay-gradient":""},"mobile":{"background-color":"","background-image":"","background-repeat":"repeat","background-position":"center center","background-size":"auto","background-attachment":"scroll","background-type":"","background-media":"","overlay-type":"","overlay-color":"","overlay-opacity":"","overlay-gradient":""}},"ast-content-background-meta":{"desktop":{"background-color":"var(--ast-global-color-5)","background-image":"","background-repeat":"repeat","background-position":"center center","background-size":"auto","background-attachment":"scroll","background-type":"","background-media":"","overlay-type":"","overlay-color":"","overlay-opacity":"","overlay-gradient":""},"tablet":{"background-color":"var(--ast-global-color-5)","background-image":"","background-repeat":"repeat","background-position":"center center","background-size":"auto","background-attachment":"scroll","background-type":"","background-media":"","overlay-type":"","overlay-color":"","overlay-opacity":"","overlay-gradient":""},"mobile":{"background-color":"var(--ast-global-color-5)","background-image":"","background-repeat":"repeat","background-position":"center center","background-size":"auto","background-attachment":"scroll","background-type":"","background-media":"","overlay-type":"","overlay-color":"","overlay-opacity":"","overlay-gradient":""}},"footnotes":""},"class_list":["post-100","page","type-page","status-publish","hentry"],"yoast_head":"<!-- This site is optimized with the Yoast SEO plugin v27.3 - https:\/\/yoast.com\/product\/yoast-seo-wordpress\/ -->\n<title>Ihre Praxis - Praxis Dr. Dr\u00f6seler<\/title>\n<meta name=\"robots\" content=\"index, follow, max-snippet:-1, max-image-preview:large, max-video-preview:-1\" \/>\n<link rel=\"canonical\" href=\"https:\/\/www.drdroeseler.de\/en\/your-practice\/\" \/>\n<meta property=\"og:locale\" content=\"en_GB\" \/>\n<meta property=\"og:type\" content=\"article\" \/>\n<meta property=\"og:title\" content=\"Ihre Praxis - Praxis Dr. Dr\u00f6seler\" \/>\n<meta property=\"og:description\" content=\"Ihr Praxis-Team In unserer Praxis erwartet Sie ein hochqualifiziertes Team. Alle Mitarbeiterinnen und Mitarbeiter z\u00e4hlen zu den Besten ihres Faches. [&hellip;]\" \/>\n<meta property=\"og:url\" content=\"https:\/\/www.drdroeseler.de\/en\/your-practice\/\" \/>\n<meta property=\"og:site_name\" content=\"Praxis Dr. Dr\u00f6seler\" \/>\n<meta property=\"article:publisher\" content=\"https:\/\/www.facebook.com\/praxisdrdroeseler\" \/>\n<meta property=\"article:modified_time\" content=\"2026-01-26T15:10:42+00:00\" \/>\n<meta property=\"og:image\" content=\"https:\/\/www.drdroeseler.de\/wp-content\/uploads\/2024\/02\/dr-christoph-droeseler.jpg\" \/>\n\t<meta property=\"og:image:width\" content=\"1500\" \/>\n\t<meta property=\"og:image:height\" content=\"1255\" \/>\n\t<meta property=\"og:image:type\" content=\"image\/jpeg\" \/>\n<meta name=\"twitter:card\" content=\"summary_large_image\" \/>\n<meta name=\"twitter:label1\" content=\"Estimated reading time\" \/>\n\t<meta name=\"twitter:data1\" content=\"2 minutes\" \/>\n<script type=\"application\/ld+json\" class=\"yoast-schema-graph\">{\"@context\":\"https:\\\/\\\/schema.org\",\"@graph\":[{\"@type\":\"WebPage\",\"@id\":\"https:\\\/\\\/www.drdroeseler.de\\\/ihre-praxis\\\/\",\"url\":\"https:\\\/\\\/www.drdroeseler.de\\\/ihre-praxis\\\/\",\"name\":\"Ihre Praxis - Praxis Dr. Dr\u00f6seler\",\"isPartOf\":{\"@id\":\"https:\\\/\\\/www.drdroeseler.de\\\/#website\"},\"primaryImageOfPage\":{\"@id\":\"https:\\\/\\\/www.drdroeseler.de\\\/ihre-praxis\\\/#primaryimage\"},\"image\":{\"@id\":\"https:\\\/\\\/www.drdroeseler.de\\\/ihre-praxis\\\/#primaryimage\"},\"thumbnailUrl\":\"https:\\\/\\\/www.drdroeseler.de\\\/wp-content\\\/uploads\\\/2024\\\/02\\\/dr-christoph-droeseler-1024x857.jpg\",\"datePublished\":\"2024-01-14T16:36:17+00:00\",\"dateModified\":\"2026-01-26T15:10:42+00:00\",\"breadcrumb\":{\"@id\":\"https:\\\/\\\/www.drdroeseler.de\\\/ihre-praxis\\\/#breadcrumb\"},\"inLanguage\":\"en-GB\",\"potentialAction\":[{\"@type\":\"ReadAction\",\"target\":[\"https:\\\/\\\/www.drdroeseler.de\\\/ihre-praxis\\\/\"]}]},{\"@type\":\"ImageObject\",\"inLanguage\":\"en-GB\",\"@id\":\"https:\\\/\\\/www.drdroeseler.de\\\/ihre-praxis\\\/#primaryimage\",\"url\":\"https:\\\/\\\/www.drdroeseler.de\\\/wp-content\\\/uploads\\\/2024\\\/02\\\/dr-christoph-droeseler-1024x857.jpg\",\"contentUrl\":\"https:\\\/\\\/www.drdroeseler.de\\\/wp-content\\\/uploads\\\/2024\\\/02\\\/dr-christoph-droeseler-1024x857.jpg\"},{\"@type\":\"BreadcrumbList\",\"@id\":\"https:\\\/\\\/www.drdroeseler.de\\\/ihre-praxis\\\/#breadcrumb\",\"itemListElement\":[{\"@type\":\"ListItem\",\"position\":1,\"name\":\"Startseite\",\"item\":\"https:\\\/\\\/www.drdroeseler.de\\\/\"},{\"@type\":\"ListItem\",\"position\":2,\"name\":\"Ihre Praxis\"}]},{\"@type\":\"WebSite\",\"@id\":\"https:\\\/\\\/www.drdroeseler.de\\\/#website\",\"url\":\"https:\\\/\\\/www.drdroeseler.de\\\/\",\"name\":\"Praxis Dr. Dr\u00f6seler\",\"description\":\"Praxis f\u00fcr Oralchirurgie und Implantologie\",\"publisher\":{\"@id\":\"https:\\\/\\\/www.drdroeseler.de\\\/#organization\"},\"potentialAction\":[{\"@type\":\"SearchAction\",\"target\":{\"@type\":\"EntryPoint\",\"urlTemplate\":\"https:\\\/\\\/www.drdroeseler.de\\\/?s={search_term_string}\"},\"query-input\":{\"@type\":\"PropertyValueSpecification\",\"valueRequired\":true,\"valueName\":\"search_term_string\"}}],\"inLanguage\":\"en-GB\"},{\"@type\":\"Organization\",\"@id\":\"https:\\\/\\\/www.drdroeseler.de\\\/#organization\",\"name\":\"Praxis Dr. Dr\u00f6seler\",\"url\":\"https:\\\/\\\/www.drdroeseler.de\\\/\",\"logo\":{\"@type\":\"ImageObject\",\"inLanguage\":\"en-GB\",\"@id\":\"https:\\\/\\\/www.drdroeseler.de\\\/#\\\/schema\\\/logo\\\/image\\\/\",\"url\":\"https:\\\/\\\/www.drdroeseler.de\\\/wp-content\\\/uploads\\\/2024\\\/01\\\/dr-droeseler-logo.svg\",\"contentUrl\":\"https:\\\/\\\/www.drdroeseler.de\\\/wp-content\\\/uploads\\\/2024\\\/01\\\/dr-droeseler-logo.svg\",\"width\":508,\"height\":169,\"caption\":\"Praxis Dr. Dr\u00f6seler\"},\"image\":{\"@id\":\"https:\\\/\\\/www.drdroeseler.de\\\/#\\\/schema\\\/logo\\\/image\\\/\"},\"sameAs\":[\"https:\\\/\\\/www.facebook.com\\\/praxisdrdroeseler\",\"https:\\\/\\\/www.instagram.com\\\/droeseler_oralchirurgie_berlin\",\"https:\\\/\\\/www.youtube.com\\\/channel\\\/UCtmQ3q5timwojE-dbbDdybw\"]}]}<\/script>\n<!-- \/ Yoast SEO plugin. -->","yoast_head_json":{"title":"Ihre Praxis - Praxis Dr. Dr\u00f6seler","robots":{"index":"index","follow":"follow","max-snippet":"max-snippet:-1","max-image-preview":"max-image-preview:large","max-video-preview":"max-video-preview:-1"},"canonical":"https:\/\/www.drdroeseler.de\/en\/your-practice\/","og_locale":"en_GB","og_type":"article","og_title":"Ihre Praxis - Praxis Dr. Dr\u00f6seler","og_description":"Ihr Praxis-Team In unserer Praxis erwartet Sie ein hochqualifiziertes Team. Alle Mitarbeiterinnen und Mitarbeiter z\u00e4hlen zu den Besten ihres Faches. [&hellip;]","og_url":"https:\/\/www.drdroeseler.de\/en\/your-practice\/","og_site_name":"Praxis Dr. Dr\u00f6seler","article_publisher":"https:\/\/www.facebook.com\/praxisdrdroeseler","article_modified_time":"2026-01-26T15:10:42+00:00","og_image":[{"width":1500,"height":1255,"url":"https:\/\/www.drdroeseler.de\/wp-content\/uploads\/2024\/02\/dr-christoph-droeseler.jpg","type":"image\/jpeg"}],"twitter_card":"summary_large_image","twitter_misc":{"Estimated reading time":"2 minutes"},"schema":{"@context":"https:\/\/schema.org","@graph":[{"@type":"WebPage","@id":"https:\/\/www.drdroeseler.de\/ihre-praxis\/","url":"https:\/\/www.drdroeseler.de\/ihre-praxis\/","name":"Ihre Praxis - Praxis Dr. Dr\u00f6seler","isPartOf":{"@id":"https:\/\/www.drdroeseler.de\/#website"},"primaryImageOfPage":{"@id":"https:\/\/www.drdroeseler.de\/ihre-praxis\/#primaryimage"},"image":{"@id":"https:\/\/www.drdroeseler.de\/ihre-praxis\/#primaryimage"},"thumbnailUrl":"https:\/\/www.drdroeseler.de\/wp-content\/uploads\/2024\/02\/dr-christoph-droeseler-1024x857.jpg","datePublished":"2024-01-14T16:36:17+00:00","dateModified":"2026-01-26T15:10:42+00:00","breadcrumb":{"@id":"https:\/\/www.drdroeseler.de\/ihre-praxis\/#breadcrumb"},"inLanguage":"en-GB","potentialAction":[{"@type":"ReadAction","target":["https:\/\/www.drdroeseler.de\/ihre-praxis\/"]}]},{"@type":"ImageObject","inLanguage":"en-GB","@id":"https:\/\/www.drdroeseler.de\/ihre-praxis\/#primaryimage","url":"https:\/\/www.drdroeseler.de\/wp-content\/uploads\/2024\/02\/dr-christoph-droeseler-1024x857.jpg","contentUrl":"https:\/\/www.drdroeseler.de\/wp-content\/uploads\/2024\/02\/dr-christoph-droeseler-1024x857.jpg"},{"@type":"BreadcrumbList","@id":"https:\/\/www.drdroeseler.de\/ihre-praxis\/#breadcrumb","itemListElement":[{"@type":"ListItem","position":1,"name":"Startseite","item":"https:\/\/www.drdroeseler.de\/"},{"@type":"ListItem","position":2,"name":"Ihre Praxis"}]},{"@type":"WebSite","@id":"https:\/\/www.drdroeseler.de\/#website","url":"https:\/\/www.drdroeseler.de\/","name":"Practice Dr. Dr\u00f6seler","description":"Praxis f\u00fcr Oralchirurgie und Implantologie","publisher":{"@id":"https:\/\/www.drdroeseler.de\/#organization"},"potentialAction":[{"@type":"SearchAction","target":{"@type":"EntryPoint","urlTemplate":"https:\/\/www.drdroeseler.de\/?s={search_term_string}"},"query-input":{"@type":"PropertyValueSpecification","valueRequired":true,"valueName":"search_term_string"}}],"inLanguage":"en-GB"},{"@type":"Organization","@id":"https:\/\/www.drdroeseler.de\/#organization","name":"Practice Dr. Dr\u00f6seler","url":"https:\/\/www.drdroeseler.de\/","logo":{"@type":"ImageObject","inLanguage":"en-GB","@id":"https:\/\/www.drdroeseler.de\/#\/schema\/logo\/image\/","url":"https:\/\/www.drdroeseler.de\/wp-content\/uploads\/2024\/01\/dr-droeseler-logo.svg","contentUrl":"https:\/\/www.drdroeseler.de\/wp-content\/uploads\/2024\/01\/dr-droeseler-logo.svg","width":508,"height":169,"caption":"Praxis Dr. Dr\u00f6seler"},"image":{"@id":"https:\/\/www.drdroeseler.de\/#\/schema\/logo\/image\/"},"sameAs":["https:\/\/www.facebook.com\/praxisdrdroeseler","https:\/\/www.instagram.com\/droeseler_oralchirurgie_berlin","https:\/\/www.youtube.com\/channel\/UCtmQ3q5timwojE-dbbDdybw"]}]}},"_links":{"self":[{"href":"https:\/\/www.drdroeseler.de\/en\/wp-json\/wp\/v2\/pages\/100","targetHints":{"allow":["GET"]}}],"collection":[{"href":"https:\/\/www.drdroeseler.de\/en\/wp-json\/wp\/v2\/pages"}],"about":[{"href":"https:\/\/www.drdroeseler.de\/en\/wp-json\/wp\/v2\/types\/page"}],"author":[{"embeddable":true,"href":"https:\/\/www.drdroeseler.de\/en\/wp-json\/wp\/v2\/users\/2"}],"replies":[{"embeddable":true,"href":"https:\/\/www.drdroeseler.de\/en\/wp-json\/wp\/v2\/comments?post=100"}],"version-history":[{"count":25,"href":"https:\/\/www.drdroeseler.de\/en\/wp-json\/wp\/v2\/pages\/100\/revisions"}],"predecessor-version":[{"id":2039,"href":"https:\/\/www.drdroeseler.de\/en\/wp-json\/wp\/v2\/pages\/100\/revisions\/2039"}],"wp:attachment":[{"href":"https:\/\/www.drdroeseler.de\/en\/wp-json\/wp\/v2\/media?parent=100"}],"curies":[{"name":"wp","href":"https:\/\/api.w.org\/{rel}","templated":true}]}}